{"id":71,"date":"2024-02-06T21:06:58","date_gmt":"2024-02-06T20:06:58","guid":{"rendered":"https:\/\/puntolinea.com.ar\/uniformes\/index.php\/request-quote\/"},"modified":"2024-02-06T21:06:58","modified_gmt":"2024-02-06T20:06:58","slug":"request-quote","status":"publish","type":"page","link":"https:\/\/puntolinea.com.ar\/uniformes\/request-quote\/","title":{"rendered":"Solicita un presupuesto"},"content":{"rendered":"\n<div class=\"woocommerce ywraq-wrapper ywraq-empty\">\n\t\t\t<div id=\"yith-ywraq-message\"><div class=\"ywraq-question-message\">\n\t<\/div>\n<\/div>\n\t\t\n\t\t\t\t<div class=\"ywraq-form-table-wrapper vertical\">\n\t\t\t<div class=\"ywraq-before-form\">\n\t<p class=\"ywraq_list_empty_message\">Tu lista est\u00e1 vac\u00eda, a\u00f1ade productos a la lista para enviar una solicitud<p><p class=\"return-to-shop\"><a class=\"button wc-backward\" href=\"https:\/\/puntolinea.com.ar\/uniformes\/\">Volver a la tienda<\/a><\/p><\/div>\n\t\t\t\t\t<\/div>\n\t<\/div>\n\n","protected":false},"excerpt":{"rendered":"","protected":false},"author":1,"featured_media":0,"parent":0,"menu_order":0,"comment_status":"closed","ping_status":"closed","template":"","meta":{"footnotes":""},"jetpack_sharing_enabled":true,"_links":{"self":[{"href":"https:\/\/puntolinea.com.ar\/uniformes\/wp-json\/wp\/v2\/pages\/71"}],"collection":[{"href":"https:\/\/puntolinea.com.ar\/uniformes\/wp-json\/wp\/v2\/pages"}],"about":[{"href":"https:\/\/puntolinea.com.ar\/uniformes\/wp-json\/wp\/v2\/types\/page"}],"author":[{"embeddable":true,"href":"https:\/\/puntolinea.com.ar\/uniformes\/wp-json\/wp\/v2\/users\/1"}],"replies":[{"embeddable":true,"href":"https:\/\/puntolinea.com.ar\/uniformes\/wp-json\/wp\/v2\/comments?post=71"}],"version-history":[{"count":0,"href":"https:\/\/puntolinea.com.ar\/uniformes\/wp-json\/wp\/v2\/pages\/71\/revisions"}],"wp:attachment":[{"href":"https:\/\/puntolinea.com.ar\/uniformes\/wp-json\/wp\/v2\/media?parent=71"}],"curies":[{"name":"wp","href":"https:\/\/api.w.org\/{rel}","templated":true}]}}